{"id":32,"date":"2024-07-14T08:48:09","date_gmt":"2024-07-14T08:48:09","guid":{"rendered":"https:\/\/wordpress.themeholy.com\/rakar\/?page_id=32"},"modified":"2025-05-06T14:30:14","modified_gmt":"2025-05-06T14:30:14","slug":"leistungen","status":"publish","type":"page","link":"https:\/\/pfalzenergie-elektrotechnik.de\/de\/leistungen\/","title":{"rendered":"Leistungen"},"content":{"rendered":"<div data-elementor-type=\"wp-page\" data-elementor-id=\"32\" class=\"elementor elementor-32\" data-elementor-post-type=\"page\">\n\t\t\t\t<div class=\"elementor-element elementor-element-e471ccf e-flex e-con-boxed e-con e-parent\" data-id=\"e471ccf\" data-element_type=\"container\" data-e-type=\"container\">\n\t\t\t\t\t<div class=\"e-con-inner\">\n\t\t\r\n\t\t<div class=\"elementor-element elementor-element-a8d925f elementor-widget elementor-widget-rakarshapeimage\" data-id=\"a8d925f\" data-element_type=\"widget\" data-e-type=\"widget\" data-widget_type=\"rakarshapeimage.default\">\n\t\t\t\t<div class=\"elementor-widget-container\">\n\t\t\t\t\t<!-- Image --><div class=\"shape-mockup spin\" data-top=\"1px\" data-right=\"1px\"><img decoding=\"async\" class=\"\" src=\"https:\/\/wordpress.themeholy.com\/rakar\/wp-content\/uploads\/2024\/07\/lines_1.png\" alt=\"Shape Image\" ><\/div><!-- End Image -->\t\t\t\t<\/div>\n\t\t\t\t<\/div>\n\t\t\t\t<div class=\"elementor-element elementor-element-58994a2 elementor-widget__width-initial elementor-widget elementor-widget-rakarsectiontitle\" data-id=\"58994a2\" data-element_type=\"widget\" data-e-type=\"widget\" data-widget_type=\"rakarsectiontitle.default\">\n\t\t\t\t<div class=\"elementor-widget-container\">\n\t\t\t\t\t\t\t<div class=\"title-area text-center\">\r\n\t\t\t<span class=\"sub-title\"><img decoding=\"async\" src=\"https:\/\/pfalzenergie-elektrotechnik.de\/wp-content\/plugins\/rakar-core\/assets\/img\/title_icon.svg\" alt=\"Shape\">Leistungen<\/span><h2 class=\"sec-title\">Unsere professionellen Elektrodienstleistungen<\/h2><p>Wir liefern innovative Elektrol\u00f6sungen f\u00fcr Sicherheit, Effizienz und Nachhaltigkeit.\n\n<\/p>\t\t<\/div>\r\n\r\n\t\t\t\t\t<\/div>\n\t\t\t\t<\/div>\n\t\t\t\t<div class=\"elementor-element elementor-element-97218ac elementor-widget elementor-widget-rakarservice\" data-id=\"97218ac\" data-element_type=\"widget\" data-e-type=\"widget\" id=\"Leistungen\" data-widget_type=\"rakarservice.default\">\n\t\t\t\t<div class=\"elementor-widget-container\">\n\t\t\t\t\t<div class=\"row gy-4\"><div class=\"col-xxl-3 col-lg-4 col-md-6\"><div class=\"service-card\"><div class=\"box-number\">01<\/div><div class=\"box-icon\"><img decoding=\"async\" src=\"https:\/\/pfalzenergie-elektrotechnik.de\/wp-content\/uploads\/2024\/12\/solar-cell-2.png\" alt=\"Elektrodienstleistungen Deutschland\"  \/><\/div><p class=\"box-subtitle\">Qualit\u00e4t garantiert\n<\/p><h3 class=\"box-title\"><a href=\"https:\/\/pfalzenergie-elektrotechnik.de\/de\/kontakt\/\"> PV-Anlagen<\/a><\/h3><p class=\"box-text\">Nutzen Sie Solarenergie mit unseren ma\u00dfgeschneiderten L\u00f6sungen, von der Planung bis zur Installation und Wartung, f\u00fcr nachhaltige und kostensparende Stromerzeugung.\n\n\n<\/p><a href=\"https:\/\/pfalzenergie-elektrotechnik.de\/de\/kontakt\/\" class=\"th-btn btn-sm th_btn\">Zu den Angeboten<i class=\"far fa-arrow-right ms-2\"><\/i><\/a><\/div><\/div><div class=\"col-xxl-3 col-lg-4 col-md-6\"><div class=\"service-card\"><div class=\"box-number\">02<\/div><div class=\"box-icon\"><img decoding=\"async\" src=\"https:\/\/pfalzenergie-elektrotechnik.de\/wp-content\/uploads\/2024\/12\/usb-hub-2.png\" alt=\"Elektrodienstleistungen Deutschland\"  \/><\/div><p class=\"box-subtitle\">Qualit\u00e4t garantiert\n<\/p><h3 class=\"box-title\"><a href=\"https:\/\/pfalzenergie-elektrotechnik.de\/de\/kontakt\/\">Wallboxen \/ Ladestationen<\/a><\/h3><p class=\"box-text\">Laden Sie Ihr Elektrofahrzeug sicher und schnell mit unseren innovativen Wallboxen, die intelligente Funktionen f\u00fcr effizientes Energiemanagement bieten.\n\n\n<\/p><a href=\"https:\/\/pfalzenergie-elektrotechnik.de\/de\/kontakt\/\" class=\"th-btn btn-sm th_btn\">Zu den Angeboten<i class=\"far fa-arrow-right ms-2\"><\/i><\/a><\/div><\/div><div class=\"col-xxl-3 col-lg-4 col-md-6\"><div class=\"service-card\"><div class=\"box-number\">03<\/div><div class=\"box-icon\"><img decoding=\"async\" src=\"https:\/\/pfalzenergie-elektrotechnik.de\/wp-content\/uploads\/2024\/12\/smarthome-1.png\" alt=\"Elektrodienstleistungen Deutschland\"  \/><\/div><p class=\"box-subtitle\">Qualit\u00e4t garantiert\n<\/p><h3 class=\"box-title\"><a href=\"https:\/\/pfalzenergie-elektrotechnik.de\/de\/kontakt\/\">KNX mit Smart Home<\/a><\/h3><p class=\"box-text\">Innovative KNX mit Smart-Home-Systeme zur Steuerung von Beleuchtung, Heizung und Sicherheitstechnik \u00fcber Smartphone oder Sprachbefehle, mit Fokus auf Komfort und Energieeffizienz.\n\n<\/p><a href=\"https:\/\/pfalzenergie-elektrotechnik.de\/de\/kontakt\/\" class=\"th-btn btn-sm th_btn\">Zu den Angeboten<i class=\"far fa-arrow-right ms-2\"><\/i><\/a><\/div><\/div><div class=\"col-xxl-3 col-lg-4 col-md-6\"><div class=\"service-card\"><div class=\"box-number\">04<\/div><div class=\"box-icon\"><img decoding=\"async\" src=\"https:\/\/pfalzenergie-elektrotechnik.de\/wp-content\/uploads\/2024\/12\/quality-control-2.png\" alt=\"Elektrodienstleistungen Deutschland\"  \/><\/div><p class=\"box-subtitle\">Qualit\u00e4t garantiert\n<\/p><h3 class=\"box-title\"><a href=\"https:\/\/pfalzenergie-elektrotechnik.de\/de\/kontakt\/\">Planung und Installation<\/a><\/h3><p class=\"box-text\">Verlassen Sie sich auf unsere Expertise in der Planung und Installation elektrotechnischer Systeme, um Ihr Projekt effizient und nach h\u00f6chsten Standards umzusetzen.\n\n\n<\/p><a href=\"https:\/\/pfalzenergie-elektrotechnik.de\/de\/kontakt\/\" class=\"th-btn btn-sm th_btn\">Zu den Angeboten<i class=\"far fa-arrow-right ms-2\"><\/i><\/a><\/div><\/div><div class=\"col-xxl-3 col-lg-4 col-md-6\"><div class=\"service-card\"><div class=\"box-number\">05<\/div><div class=\"box-icon\"><img decoding=\"async\" src=\"https:\/\/pfalzenergie-elektrotechnik.de\/wp-content\/uploads\/2024\/12\/light-bulb-1.png\" alt=\"Elektrodienstleistungen Deutschland\"  \/><\/div><p class=\"box-subtitle\">Qualit\u00e4t garantiert\n<\/p><h3 class=\"box-title\"><a href=\"https:\/\/pfalzenergie-elektrotechnik.de\/de\/kontakt\/\">Beleuchtungstechnik<\/a><\/h3><p class=\"box-text\">Wir entwerfen und installieren ma\u00dfgeschneiderte Beleuchtungsl\u00f6sungen f\u00fcr Innen- und Au\u00dfenbereiche, die \u00c4sthetik und Energieeffizienz vereinen.\n\n\n<\/p><a href=\"https:\/\/pfalzenergie-elektrotechnik.de\/de\/kontakt\/\" class=\"th-btn btn-sm th_btn\">Zu den Angeboten<i class=\"far fa-arrow-right ms-2\"><\/i><\/a><\/div><\/div><div class=\"col-xxl-3 col-lg-4 col-md-6\"><div class=\"service-card\"><div class=\"box-number\">06<\/div><div class=\"box-icon\"><img decoding=\"async\" src=\"https:\/\/pfalzenergie-elektrotechnik.de\/wp-content\/uploads\/2024\/12\/creative.png\" alt=\"Elektrodienstleistungen Deutschland\"  \/><\/div><p class=\"box-subtitle\">Qualit\u00e4t garantiert\n<\/p><h3 class=\"box-title\"><a href=\"https:\/\/pfalzenergie-elektrotechnik.de\/de\/kontakt\/\">Reparatur und Instandsetzung<\/a><\/h3><p class=\"box-text\">Verlassen Sie sich auf unsere zuverl\u00e4ssigen Reparaturdienste, um die Effizienz und Langlebigkeit Ihrer Ger\u00e4te zu sichern.\n\n\n\n\n\n\n\n\n\n\n\n\n\n\n\n\n<\/p><a href=\"https:\/\/pfalzenergie-elektrotechnik.de\/de\/kontakt\/\" class=\"th-btn btn-sm th_btn\">Zu den Angeboten<i class=\"far fa-arrow-right ms-2\"><\/i><\/a><\/div><\/div><div class=\"col-xxl-3 col-lg-4 col-md-6\"><div class=\"service-card\"><div class=\"box-number\">07<\/div><div class=\"box-icon\"><img decoding=\"async\" src=\"https:\/\/pfalzenergie-elektrotechnik.de\/wp-content\/uploads\/2024\/12\/checkbox-2.png\" alt=\"Elektrodienstleistungen Deutschland\"  \/><\/div><p class=\"box-subtitle\">Qualit\u00e4t garantiert\n<\/p><h3 class=\"box-title\"><a href=\"https:\/\/pfalzenergie-elektrotechnik.de\/de\/kontakt\/\">E-Check<\/a><\/h3><p class=\"box-text\">Sichern Sie Ihre elektrischen Anlagen mit unserem E-Check, der alle Sicherheitsstandards pr\u00fcft und potenzielle Risiken f\u00fcr Ihr Zuhause oder Unternehmen minimiert.\n\n\n\n\n\n\n\n\n<\/p><a href=\"https:\/\/pfalzenergie-elektrotechnik.de\/de\/kontakt\/\" class=\"th-btn btn-sm th_btn\">Zu den Angeboten<i class=\"far fa-arrow-right ms-2\"><\/i><\/a><\/div><\/div><div class=\"col-xxl-3 col-lg-4 col-md-6\"><div class=\"service-card\"><div class=\"box-number\">08<\/div><div class=\"box-icon\"><img decoding=\"async\" src=\"https:\/\/pfalzenergie-elektrotechnik.de\/wp-content\/uploads\/2024\/12\/gear.png\" alt=\"Elektrodienstleistungen Deutschland\"  \/><\/div><p class=\"box-subtitle\">Qualit\u00e4t garantiert\n<\/p><h3 class=\"box-title\"><a href=\"https:\/\/pfalzenergie-elektrotechnik.de\/de\/kontakt\/\">Industrieelektrik<\/a><\/h3><p class=\"box-text\">Wir bieten effiziente Installation und Wartung von Industrieanlagen, um einen reibungslosen Betrieb Ihrer Produktionsprozesse sicherzustellen.\n\n\n<\/p><a href=\"https:\/\/pfalzenergie-elektrotechnik.de\/de\/kontakt\/\" class=\"th-btn btn-sm th_btn\">Zu den Angeboten<i class=\"far fa-arrow-right ms-2\"><\/i><\/a><\/div><\/div><\/div>\t\t\t\t<\/div>\n\t\t\t\t<\/div>\n\t\t\t\t\t<\/div>\n\t\t\t\t<\/div>\n\t\t<div class=\"elementor-element elementor-element-dbc5d33 e-flex e-con-boxed e-con e-parent\" data-id=\"dbc5d33\" data-element_type=\"container\" data-e-type=\"container\">\n\t\t\t\t\t<div class=\"e-con-inner\">\n\t\t\t\t<div class=\"elementor-element elementor-element-b4c414d elementor-widget__width-initial elementor-widget elementor-widget-rakarsectiontitle\" data-id=\"b4c414d\" data-element_type=\"widget\" data-e-type=\"widget\" data-widget_type=\"rakarsectiontitle.default\">\n\t\t\t\t<div class=\"elementor-widget-container\">\n\t\t\t\t\t\t\t<div class=\"title-area text-center\">\r\n\t\t\t<span class=\"sub-title\"><img decoding=\"async\" src=\"https:\/\/pfalzenergie-elektrotechnik.de\/wp-content\/plugins\/rakar-core\/assets\/img\/title_icon.svg\" alt=\"Shape\">Galerie<\/span><h2 class=\"sec-title\">Entdecken Sie uns<\/h2>\t\t<\/div>\r\n\r\n\t\t\t\t\t<\/div>\n\t\t\t\t<\/div>\n\t\t\t\t<div class=\"elementor-element elementor-element-2e21688 elementor-widget elementor-widget-rakargallery\" data-id=\"2e21688\" data-element_type=\"widget\" data-e-type=\"widget\" data-widget_type=\"rakargallery.default\">\n\t\t\t\t<div class=\"elementor-widget-container\">\n\t\t\t\t\t<div class=\"row gy-30 filter-active overlay-direction\"><div class=\"cat2 col-xl-3 col-md-6 filter-item  th-gallery-loop\"><div class=\"gallery-card\"><a class=\"box-img popup-image\" href=\"https:\/\/pfalzenergie-elektrotechnik.de\/wp-content\/uploads\/2025\/01\/Untitleddesign-ezgif.com-png-to-webp-converter.webp\"><img decoding=\"async\" src=\"https:\/\/pfalzenergie-elektrotechnik.de\/wp-content\/uploads\/2025\/01\/Untitleddesign-ezgif.com-png-to-webp-converter.webp\" alt=\"Elektroinstallation\"  \/><div class=\"box-content\"><span class=\"box-btn\"><i class=\"fal fa-plus\"><\/i> <\/span><\/div><\/a><\/div><\/div><div class=\"cat2 col-xl-3 col-md-6 filter-item  th-gallery-loop\"><div class=\"gallery-card\"><a class=\"box-img popup-image\" href=\"https:\/\/pfalzenergie-elektrotechnik.de\/wp-content\/uploads\/2025\/01\/Untitleddesign1-ezgif.com-png-to-webp-converter.webp\"><img decoding=\"async\" src=\"https:\/\/pfalzenergie-elektrotechnik.de\/wp-content\/uploads\/2025\/01\/Untitleddesign1-ezgif.com-png-to-webp-converter.webp\" alt=\"Elektroinstallation\"  \/><div class=\"box-content\"><span class=\"box-btn\"><i class=\"fal fa-plus\"><\/i><\/span><\/div><\/a><\/div><\/div><div class=\"cat2 col-xl-6 col-md-6 filter-item  th-gallery-loop\"><div class=\"gallery-card\"><a class=\"box-img popup-image\" href=\"https:\/\/pfalzenergie-elektrotechnik.de\/wp-content\/uploads\/2025\/01\/Untitleddesign2-ezgif.com-png-to-webp-converter.webp\"><img decoding=\"async\" src=\"https:\/\/pfalzenergie-elektrotechnik.de\/wp-content\/uploads\/2025\/01\/Untitleddesign2-ezgif.com-png-to-webp-converter.webp\" alt=\"Elektroinstallation\"  \/><div class=\"box-content\"><span class=\"box-btn\"><i class=\"fal fa-plus\"><\/i><\/span><\/div><\/a><\/div><\/div><div class=\"cat2 col-xl-6 col-md-6 filter-item  th-gallery-loop\"><div class=\"gallery-card\"><a class=\"box-img popup-image\" href=\"https:\/\/pfalzenergie-elektrotechnik.de\/wp-content\/uploads\/2025\/01\/Untitleddesign3-ezgif.com-png-to-webp-converter.webp\"><img decoding=\"async\" src=\"https:\/\/pfalzenergie-elektrotechnik.de\/wp-content\/uploads\/2025\/01\/Untitleddesign3-ezgif.com-png-to-webp-converter.webp\" alt=\"Elektroinstallation\"  \/><div class=\"box-content\"><span class=\"box-btn\"><i class=\"fal fa-plus\"><\/i><\/span><\/div><\/a><\/div><\/div><div class=\"cat2 col-xl-3 col-md-6 filter-item  th-gallery-loop\"><div class=\"gallery-card\"><a class=\"box-img popup-image\" href=\"https:\/\/pfalzenergie-elektrotechnik.de\/wp-content\/uploads\/2025\/01\/Untitleddesign4-ezgif.com-png-to-webp-converter.webp\"><img decoding=\"async\" src=\"https:\/\/pfalzenergie-elektrotechnik.de\/wp-content\/uploads\/2025\/01\/Untitleddesign4-ezgif.com-png-to-webp-converter.webp\" alt=\"Elektroinstallation\"  \/><div class=\"box-content\"><span class=\"box-btn\"><i class=\"fal fa-plus\"><\/i><\/span><\/div><\/a><\/div><\/div><div class=\"cat2 col-xl-3 col-md-6 filter-item  th-gallery-loop\"><div class=\"gallery-card\"><a class=\"box-img popup-image\" href=\"https:\/\/pfalzenergie-elektrotechnik.de\/wp-content\/uploads\/2025\/01\/Untitleddesign5-ezgif.com-png-to-webp-converter.webp\"><img decoding=\"async\" src=\"https:\/\/pfalzenergie-elektrotechnik.de\/wp-content\/uploads\/2025\/01\/Untitleddesign5-ezgif.com-png-to-webp-converter.webp\" alt=\"Elektroinstallation\"  \/><div class=\"box-content\"><span class=\"box-btn\"><i class=\"fal fa-plus\"><\/i><\/span><\/div><\/a><\/div><\/div><div class=\"cat2 col-xl-3 col-md-6 filter-item  th-gallery-loop\"><div class=\"gallery-card\"><a class=\"box-img popup-image\" href=\"https:\/\/pfalzenergie-elektrotechnik.de\/wp-content\/uploads\/2025\/01\/Untitleddesign6-ezgif.com-png-to-webp-converter.webp\"><img decoding=\"async\" src=\"https:\/\/pfalzenergie-elektrotechnik.de\/wp-content\/uploads\/2025\/01\/Untitleddesign6-ezgif.com-png-to-webp-converter.webp\" alt=\"Elektroinstallation\"  \/><div class=\"box-content\"><span class=\"box-btn\"><i class=\"fal fa-plus\"><\/i><\/span><\/div><\/a><\/div><\/div><div class=\"cat2 col-xl-6 col-md-6 filter-item  th-gallery-loop\"><div class=\"gallery-card\"><a class=\"box-img popup-image\" href=\"https:\/\/pfalzenergie-elektrotechnik.de\/wp-content\/uploads\/2025\/01\/Untitleddesign7-ezgif.com-png-to-webp-converter.webp\"><img decoding=\"async\" src=\"https:\/\/pfalzenergie-elektrotechnik.de\/wp-content\/uploads\/2025\/01\/Untitleddesign7-ezgif.com-png-to-webp-converter.webp\" alt=\"Elektroinstallation\"  \/><div class=\"box-content\"><span class=\"box-btn\"><i class=\"fal fa-plus\"><\/i><\/span><\/div><\/a><\/div><\/div><div class=\"cat2 col-xl-3 col-md-6 filter-item  th-gallery-loop\"><div class=\"gallery-card\"><a class=\"box-img popup-image\" href=\"https:\/\/pfalzenergie-elektrotechnik.de\/wp-content\/uploads\/2025\/01\/Untitleddesign8-ezgif.com-png-to-webp-converter.webp\"><img decoding=\"async\" src=\"https:\/\/pfalzenergie-elektrotechnik.de\/wp-content\/uploads\/2025\/01\/Untitleddesign8-ezgif.com-png-to-webp-converter.webp\" alt=\"Elektroinstallation\"  \/><div class=\"box-content\"><span class=\"box-btn\"><i class=\"fal fa-plus\"><\/i><\/span><\/div><\/a><\/div><\/div><\/div>\t\t\t\t<\/div>\n\t\t\t\t<\/div>\n\t\t\t\t<div class=\"elementor-element elementor-element-be52d56 elementor-widget elementor-widget-rakarbutton\" data-id=\"be52d56\" data-element_type=\"widget\" data-e-type=\"widget\" data-widget_type=\"rakarbutton.default\">\n\t\t\t\t<div class=\"elementor-widget-container\">\n\t\t\t\t\t<div class=\"btn-wrapper\"><a class=\"th-btn th_btn\" href=\"https:\/\/pfalzenergie-elektrotechnik.de\/de\/kontakt\/\">Zu den Angeboten<i class=\"far fa-arrow-right\"><\/i><\/a><\/div>\t\t\t\t<\/div>\n\t\t\t\t<\/div>\n\t\t\t\t\t<\/div>\n\t\t\t\t<\/div>\n\t\t\t\t<\/div>","protected":false},"excerpt":{"rendered":"<p>Leistungen Unsere professionellen Elektrodienstleistungen Wir liefern innovative Elektrol\u00f6sungen f\u00fcr Sicherheit, Effizienz und Nachhaltigkeit. 01 Qualit\u00e4t garantiert PV-Anlagen Nutzen Sie Solarenergie mit unseren ma\u00dfgeschneiderten L\u00f6sungen, von der Planung bis zur Installation und Wartung, f\u00fcr nachhaltige und kostensparende Stromerzeugung. Zu den Angeboten02 Qualit\u00e4t garantiert Wallboxen \/ Ladestationen Laden Sie Ihr Elektrofahrzeug sicher und schnell mit unseren innovativen&#8230;<\/p>","protected":false},"author":1,"featured_media":0,"parent":0,"menu_order":0,"comment_status":"closed","ping_status":"closed","template":"","meta":{"footnotes":""},"class_list":["post-32","page","type-page","status-publish","hentry"],"yoast_head":"<!-- This site is optimized with the Yoast SEO plugin v26.9 - https:\/\/yoast.com\/product\/yoast-seo-wordpress\/ -->\n<title>Leistungen - Pfalzenergie Elektrotechnik - Elektrodienstleistungen Deutschland<\/title>\n<meta name=\"description\" content=\"Elektrodienstleistungen Deutschland bieten ma\u00dfgeschneiderte Elektroinstallationen und innovative L\u00f6sungen f\u00fcr Effizienz und Sicherheit.\" \/>\n<meta name=\"robots\" content=\"noindex, follow, max-snippet:-1, max-image-preview:large, max-video-preview:-1\" \/>\n<meta property=\"og:locale\" content=\"de_DE\" \/>\n<meta property=\"og:type\" content=\"article\" \/>\n<meta property=\"og:title\" content=\"Leistungen - Pfalzenergie Elektrotechnik - Elektrodienstleistungen Deutschland\" \/>\n<meta property=\"og:description\" content=\"Elektrodienstleistungen Deutschland bieten ma\u00dfgeschneiderte Elektroinstallationen und innovative L\u00f6sungen f\u00fcr Effizienz und Sicherheit.\" \/>\n<meta property=\"og:url\" content=\"https:\/\/pfalzenergie-elektrotechnik.de\/de\/leistungen\/\" \/>\n<meta property=\"og:site_name\" content=\"Pfalzenergie Elektrotechnik\" \/>\n<meta property=\"article:modified_time\" content=\"2025-05-06T14:30:14+00:00\" \/>\n<meta property=\"og:image\" content=\"https:\/\/wordpress.themeholy.com\/rakar\/wp-content\/uploads\/2024\/07\/lines_1.png\" \/>\n<meta name=\"twitter:card\" content=\"summary_large_image\" \/>\n<meta name=\"twitter:label1\" content=\"Gesch\u00e4tzte Lesezeit\" \/>\n\t<meta name=\"twitter:data1\" content=\"10\u00a0Minuten\" \/>\n<script type=\"application\/ld+json\" class=\"yoast-schema-graph\">{\"@context\":\"https:\/\/schema.org\",\"@graph\":[{\"@type\":\"WebPage\",\"@id\":\"https:\/\/pfalzenergie-elektrotechnik.de\/leistungen\/\",\"url\":\"https:\/\/pfalzenergie-elektrotechnik.de\/leistungen\/\",\"name\":\"Leistungen - Pfalzenergie Elektrotechnik - Elektrodienstleistungen Deutschland\",\"isPartOf\":{\"@id\":\"https:\/\/pfalzenergie-elektrotechnik.de\/#website\"},\"primaryImageOfPage\":{\"@id\":\"https:\/\/pfalzenergie-elektrotechnik.de\/leistungen\/#primaryimage\"},\"image\":{\"@id\":\"https:\/\/pfalzenergie-elektrotechnik.de\/leistungen\/#primaryimage\"},\"thumbnailUrl\":\"https:\/\/wordpress.themeholy.com\/rakar\/wp-content\/uploads\/2024\/07\/lines_1.png\",\"datePublished\":\"2024-07-14T08:48:09+00:00\",\"dateModified\":\"2025-05-06T14:30:14+00:00\",\"description\":\"Elektrodienstleistungen Deutschland bieten ma\u00dfgeschneiderte Elektroinstallationen und innovative L\u00f6sungen f\u00fcr Effizienz und Sicherheit.\",\"breadcrumb\":{\"@id\":\"https:\/\/pfalzenergie-elektrotechnik.de\/leistungen\/#breadcrumb\"},\"inLanguage\":\"de\",\"potentialAction\":[{\"@type\":\"ReadAction\",\"target\":[\"https:\/\/pfalzenergie-elektrotechnik.de\/leistungen\/\"]}]},{\"@type\":\"ImageObject\",\"inLanguage\":\"de\",\"@id\":\"https:\/\/pfalzenergie-elektrotechnik.de\/leistungen\/#primaryimage\",\"url\":\"https:\/\/wordpress.themeholy.com\/rakar\/wp-content\/uploads\/2024\/07\/lines_1.png\",\"contentUrl\":\"https:\/\/wordpress.themeholy.com\/rakar\/wp-content\/uploads\/2024\/07\/lines_1.png\"},{\"@type\":\"BreadcrumbList\",\"@id\":\"https:\/\/pfalzenergie-elektrotechnik.de\/leistungen\/#breadcrumb\",\"itemListElement\":[{\"@type\":\"ListItem\",\"position\":1,\"name\":\"Home\",\"item\":\"https:\/\/pfalzenergie-elektrotechnik.de\/\"},{\"@type\":\"ListItem\",\"position\":2,\"name\":\"Leistungen\"}]},{\"@type\":\"WebSite\",\"@id\":\"https:\/\/pfalzenergie-elektrotechnik.de\/#website\",\"url\":\"https:\/\/pfalzenergie-elektrotechnik.de\/\",\"name\":\"Pfalzenergie Elektrotechnik\",\"description\":\"\",\"publisher\":{\"@id\":\"https:\/\/pfalzenergie-elektrotechnik.de\/#organization\"},\"potentialAction\":[{\"@type\":\"SearchAction\",\"target\":{\"@type\":\"EntryPoint\",\"urlTemplate\":\"https:\/\/pfalzenergie-elektrotechnik.de\/?s={search_term_string}\"},\"query-input\":{\"@type\":\"PropertyValueSpecification\",\"valueRequired\":true,\"valueName\":\"search_term_string\"}}],\"inLanguage\":\"de\"},{\"@type\":\"Organization\",\"@id\":\"https:\/\/pfalzenergie-elektrotechnik.de\/#organization\",\"name\":\"Pfalzenergie Elektrotechnik\",\"url\":\"https:\/\/pfalzenergie-elektrotechnik.de\/\",\"logo\":{\"@type\":\"ImageObject\",\"inLanguage\":\"de\",\"@id\":\"https:\/\/pfalzenergie-elektrotechnik.de\/#\/schema\/logo\/image\/\",\"url\":\"https:\/\/pfalzenergie-elektrotechnik.de\/wp-content\/uploads\/2024\/12\/cropped-cropped-Untitled-design-51.png\",\"contentUrl\":\"https:\/\/pfalzenergie-elektrotechnik.de\/wp-content\/uploads\/2024\/12\/cropped-cropped-Untitled-design-51.png\",\"width\":512,\"height\":512,\"caption\":\"Pfalzenergie Elektrotechnik\"},\"image\":{\"@id\":\"https:\/\/pfalzenergie-elektrotechnik.de\/#\/schema\/logo\/image\/\"}}]}<\/script>\n<!-- \/ Yoast SEO plugin. -->","yoast_head_json":{"title":"Leistungen - Pfalzenergie Elektrotechnik - Elektrodienstleistungen Deutschland","description":"Elektrodienstleistungen Deutschland bieten ma\u00dfgeschneiderte Elektroinstallationen und innovative L\u00f6sungen f\u00fcr Effizienz und Sicherheit.","robots":{"index":"noindex","follow":"follow","max-snippet":"max-snippet:-1","max-image-preview":"max-image-preview:large","max-video-preview":"max-video-preview:-1"},"og_locale":"de_DE","og_type":"article","og_title":"Leistungen - Pfalzenergie Elektrotechnik - Elektrodienstleistungen Deutschland","og_description":"Elektrodienstleistungen Deutschland bieten ma\u00dfgeschneiderte Elektroinstallationen und innovative L\u00f6sungen f\u00fcr Effizienz und Sicherheit.","og_url":"https:\/\/pfalzenergie-elektrotechnik.de\/de\/leistungen\/","og_site_name":"Pfalzenergie Elektrotechnik","article_modified_time":"2025-05-06T14:30:14+00:00","og_image":[{"url":"https:\/\/wordpress.themeholy.com\/rakar\/wp-content\/uploads\/2024\/07\/lines_1.png","type":"","width":"","height":""}],"twitter_card":"summary_large_image","twitter_misc":{"Gesch\u00e4tzte Lesezeit":"10\u00a0Minuten"},"schema":{"@context":"https:\/\/schema.org","@graph":[{"@type":"WebPage","@id":"https:\/\/pfalzenergie-elektrotechnik.de\/leistungen\/","url":"https:\/\/pfalzenergie-elektrotechnik.de\/leistungen\/","name":"Leistungen - Pfalzenergie Elektrotechnik - Elektrodienstleistungen Deutschland","isPartOf":{"@id":"https:\/\/pfalzenergie-elektrotechnik.de\/#website"},"primaryImageOfPage":{"@id":"https:\/\/pfalzenergie-elektrotechnik.de\/leistungen\/#primaryimage"},"image":{"@id":"https:\/\/pfalzenergie-elektrotechnik.de\/leistungen\/#primaryimage"},"thumbnailUrl":"https:\/\/wordpress.themeholy.com\/rakar\/wp-content\/uploads\/2024\/07\/lines_1.png","datePublished":"2024-07-14T08:48:09+00:00","dateModified":"2025-05-06T14:30:14+00:00","description":"Elektrodienstleistungen Deutschland bieten ma\u00dfgeschneiderte Elektroinstallationen und innovative L\u00f6sungen f\u00fcr Effizienz und Sicherheit.","breadcrumb":{"@id":"https:\/\/pfalzenergie-elektrotechnik.de\/leistungen\/#breadcrumb"},"inLanguage":"de","potentialAction":[{"@type":"ReadAction","target":["https:\/\/pfalzenergie-elektrotechnik.de\/leistungen\/"]}]},{"@type":"ImageObject","inLanguage":"de","@id":"https:\/\/pfalzenergie-elektrotechnik.de\/leistungen\/#primaryimage","url":"https:\/\/wordpress.themeholy.com\/rakar\/wp-content\/uploads\/2024\/07\/lines_1.png","contentUrl":"https:\/\/wordpress.themeholy.com\/rakar\/wp-content\/uploads\/2024\/07\/lines_1.png"},{"@type":"BreadcrumbList","@id":"https:\/\/pfalzenergie-elektrotechnik.de\/leistungen\/#breadcrumb","itemListElement":[{"@type":"ListItem","position":1,"name":"Home","item":"https:\/\/pfalzenergie-elektrotechnik.de\/"},{"@type":"ListItem","position":2,"name":"Leistungen"}]},{"@type":"WebSite","@id":"https:\/\/pfalzenergie-elektrotechnik.de\/#website","url":"https:\/\/pfalzenergie-elektrotechnik.de\/","name":"Pfalzenergie Elektrotechnik","description":"","publisher":{"@id":"https:\/\/pfalzenergie-elektrotechnik.de\/#organization"},"potentialAction":[{"@type":"SearchAction","target":{"@type":"EntryPoint","urlTemplate":"https:\/\/pfalzenergie-elektrotechnik.de\/?s={search_term_string}"},"query-input":{"@type":"PropertyValueSpecification","valueRequired":true,"valueName":"search_term_string"}}],"inLanguage":"de"},{"@type":"Organization","@id":"https:\/\/pfalzenergie-elektrotechnik.de\/#organization","name":"Pfalzenergie Elektrotechnik","url":"https:\/\/pfalzenergie-elektrotechnik.de\/","logo":{"@type":"ImageObject","inLanguage":"de","@id":"https:\/\/pfalzenergie-elektrotechnik.de\/#\/schema\/logo\/image\/","url":"https:\/\/pfalzenergie-elektrotechnik.de\/wp-content\/uploads\/2024\/12\/cropped-cropped-Untitled-design-51.png","contentUrl":"https:\/\/pfalzenergie-elektrotechnik.de\/wp-content\/uploads\/2024\/12\/cropped-cropped-Untitled-design-51.png","width":512,"height":512,"caption":"Pfalzenergie Elektrotechnik"},"image":{"@id":"https:\/\/pfalzenergie-elektrotechnik.de\/#\/schema\/logo\/image\/"}}]}},"_links":{"self":[{"href":"https:\/\/pfalzenergie-elektrotechnik.de\/de\/wp-json\/wp\/v2\/pages\/32","targetHints":{"allow":["GET"]}}],"collection":[{"href":"https:\/\/pfalzenergie-elektrotechnik.de\/de\/wp-json\/wp\/v2\/pages"}],"about":[{"href":"https:\/\/pfalzenergie-elektrotechnik.de\/de\/wp-json\/wp\/v2\/types\/page"}],"author":[{"embeddable":true,"href":"https:\/\/pfalzenergie-elektrotechnik.de\/de\/wp-json\/wp\/v2\/users\/1"}],"replies":[{"embeddable":true,"href":"https:\/\/pfalzenergie-elektrotechnik.de\/de\/wp-json\/wp\/v2\/comments?post=32"}],"version-history":[{"count":7,"href":"https:\/\/pfalzenergie-elektrotechnik.de\/de\/wp-json\/wp\/v2\/pages\/32\/revisions"}],"predecessor-version":[{"id":4599,"href":"https:\/\/pfalzenergie-elektrotechnik.de\/de\/wp-json\/wp\/v2\/pages\/32\/revisions\/4599"}],"wp:attachment":[{"href":"https:\/\/pfalzenergie-elektrotechnik.de\/de\/wp-json\/wp\/v2\/media?parent=32"}],"curies":[{"name":"wp","href":"https:\/\/api.w.org\/{rel}","templated":true}]}}