{"id":3,"date":"2024-12-11T10:34:42","date_gmt":"2024-12-11T10:34:42","guid":{"rendered":"https:\/\/pfalzenergie-elektrotechnik.de\/?page_id=3"},"modified":"2025-01-13T15:19:38","modified_gmt":"2025-01-13T15:19:38","slug":"datenschutz","status":"publish","type":"page","link":"https:\/\/pfalzenergie-elektrotechnik.de\/de\/datenschutz\/","title":{"rendered":"Datenschutz"},"content":{"rendered":"<div data-elementor-type=\"wp-page\" data-elementor-id=\"3\" class=\"elementor elementor-3\" data-elementor-post-type=\"page\">\n\t\t\t\t<div class=\"elementor-element elementor-element-5265a10 e-flex e-con-boxed e-con e-parent\" data-id=\"5265a10\" data-element_type=\"container\" data-e-type=\"container\">\n\t\t\t\t\t<div class=\"e-con-inner\">\n\t\t<div class=\"elementor-element elementor-element-fd0e548 e-con-full e-flex e-con e-child\" data-id=\"fd0e548\" data-element_type=\"container\" data-e-type=\"container\">\n\t\t\t\t<div class=\"elementor-element elementor-element-43c75dd elementor-widget elementor-widget-heading\" data-id=\"43c75dd\" data-element_type=\"widget\" data-e-type=\"widget\" data-widget_type=\"heading.default\">\n\t\t\t\t<div class=\"elementor-widget-container\">\n\t\t\t\t\t<h2 class=\"elementor-heading-title elementor-size-default\">Datenschutz<\/h2>\t\t\t\t<\/div>\n\t\t\t\t<\/div>\n\t\t\t\t<\/div>\n\t\t\t\t\t<\/div>\n\t\t\t\t<\/div>\n\t\t<div class=\"elementor-element elementor-element-bc6b2c8 e-flex e-con-boxed e-con e-parent\" data-id=\"bc6b2c8\" data-element_type=\"container\" data-e-type=\"container\">\n\t\t\t\t\t<div class=\"e-con-inner\">\n\t\t\t\t<div class=\"elementor-element elementor-element-1eb8412 elementor-widget elementor-widget-spacer\" data-id=\"1eb8412\" data-element_type=\"widget\" data-e-type=\"widget\" data-widget_type=\"spacer.default\">\n\t\t\t\t<div class=\"elementor-widget-container\">\n\t\t\t\t\t\t\t<div class=\"elementor-spacer\">\n\t\t\t<div class=\"elementor-spacer-inner\"><\/div>\n\t\t<\/div>\n\t\t\t\t\t\t<\/div>\n\t\t\t\t<\/div>\n\t\t\t\t\t<\/div>\n\t\t\t\t<\/div>\n\t\t<div class=\"elementor-element elementor-element-965c224 e-flex e-con-boxed e-con e-parent\" data-id=\"965c224\" data-element_type=\"container\" data-e-type=\"container\">\n\t\t\t\t\t<div class=\"e-con-inner\">\n\t\t\r\n\t\t<div class=\"elementor-element elementor-element-3cc5827 elementor-widget elementor-widget-text-editor\" data-id=\"3cc5827\" data-element_type=\"widget\" data-e-type=\"widget\" data-widget_type=\"text-editor.default\">\n\t\t\t\t<div class=\"elementor-widget-container\">\n\t\t\t\t\t\t\t\t\t<ol><li><span style=\"color: #101943;\"><strong>Datenschutz auf einen Blick<\/strong><\/span><br \/><span style=\"color: #101943;\"><strong>Allgemeine Hinweise<\/strong><\/span><br \/>Die folgenden Hinweise geben einen einfachen \u00dcberblick dar\u00fcber, was mit Ihren personenbezogenen Daten passiert, wenn Sie unsere Website besuchen. Personenbezogene Daten sind alle Daten, mit denen Sie pers\u00f6nlich identifiziert werden k\u00f6nnen. Ausf\u00fchrliche Informationen zum Thema Datenschutz entnehmen Sie unserer unten aufgef\u00fchrten Datenschutzerkl\u00e4rung.<\/li><\/ol><p><span style=\"color: #101943;\"><strong>Datenerfassung auf unserer Website<\/strong><\/span><br \/><span style=\"color: #101943;\"><strong>Wer ist verantwortlich f\u00fcr die Datenerfassung auf dieser Website?<\/strong><\/span><br \/>Die Datenverarbeitung auf dieser Website erfolgt durch den Websitebetreiber. Dessen Kontaktdaten k\u00f6nnen Sie dem Impressum dieser Website entnehmen.<\/p><p><span style=\"color: #101943;\"><strong>Wie erfassen wir Ihre Daten?<\/strong><\/span><br \/>Ihre Daten werden zum einen dadurch erhoben, dass Sie uns diese mitteilen. Hierbei kann es sich z.B. um Daten handeln, die Sie in ein Kontaktformular eingeben.<br \/>Andere Daten werden automatisch beim Besuch der Website durch unsere IT-Systeme erfasst. Das sind vor allem technische Daten (z.B. Internetbrowser, Betriebssystem oder Uhrzeit des Seitenaufrufs). Die Erfassung dieser Daten erfolgt automatisch, sobald Sie unsere Website betreten.<\/p><p><span style=\"color: #101943;\"><strong>Wof\u00fcr nutzen wir Ihre Daten?<\/strong><\/span><br \/>Ein Teil der Daten wird erhoben, um eine fehlerfreie Bereitstellung der Website zu gew\u00e4hrleisten. Andere Daten k\u00f6nnen zur Analyse Ihres Nutzerverhaltens verwendet werden.<\/p><ol start=\"2\"><li><span style=\"color: #101943;\"><strong>Allgemeine Hinweise und Pflichtinformationen<\/strong><\/span><br \/><span style=\"color: #101943;\"><strong>Datenschutz<\/strong><\/span><br \/>Die Betreiber dieser Seiten nehmen den Schutz Ihrer pers\u00f6nlichen Daten sehr ernst. Wir behandeln Ihre personenbezogenen Daten vertraulich und entsprechend der gesetzlichen Datenschutzvorschriften sowie dieser Datenschutzerkl\u00e4rung.<\/li><\/ol><p>Wenn Sie diese Website benutzen, werden verschiedene personenbezogene Daten erhoben. Personenbezogene Daten sind Daten, mit denen Sie pers\u00f6nlich identifiziert werden k\u00f6nnen. Diese Datenschutzerkl\u00e4rung erl\u00e4utert, welche Daten wir erheben und wof\u00fcr wir sie nutzen. Sie erl\u00e4utert auch, wie und zu welchem Zweck das geschieht.<\/p><p><span style=\"color: #101943;\"><strong>Hinweis zur verantwortlichen Stelle<\/strong><\/span><br \/>Die verantwortliche Stelle f\u00fcr die Datenverarbeitung auf dieser Website ist:<\/p><p><span style=\"color: #101943;\"><strong>Pfalzenergie-Elektrotechnik<\/strong><\/span><br \/>L\u00fctzelstra\u00dfe 6, 67459 B\u00f6hl-Iggelheim, Deutschland<br \/>Telefon: +49 151 24115857<br \/>E-Mail: <a rel=\"noopener\">info@pfalzenergie-elektrotechnik.de<\/a><\/p><p>Die verantwortliche Stelle ist die nat\u00fcrliche oder juristische Person, die allein oder gemeinsam mit anderen \u00fcber die Zwecke und Mittel der Verarbeitung von personenbezogenen Daten entscheidet.<\/p><ol start=\"3\"><li><span style=\"color: #101943;\"><strong>Ihre Rechte<\/strong><\/span><br \/><span style=\"color: #101943;\"><strong>Recht auf Auskunft, Berichtigung und L\u00f6schung<\/strong><\/span><br \/>Sie haben jederzeit das Recht im Rahmen der geltenden gesetzlichen Bestimmungen unentgeltlich Auskunft \u00fcber Ihre gespeicherten personenbezogenen Daten, deren Herkunft und Empf\u00e4nger und den Zweck der Datenverarbeitung zu erhalten. Sie haben au\u00dferdem ein Recht auf Berichtigung oder L\u00f6schung dieser Daten.<\/li><\/ol><p><span style=\"color: #101943;\"><strong>Widerruf Ihrer Einwilligung zur Datenverarbeitung<\/strong><\/span><br \/>Viele Datenverarbeitungsvorg\u00e4nge sind nur mit Ihrer ausdr\u00fccklichen Einwilligung m\u00f6glich. Sie k\u00f6nnen eine bereits erteilte Einwilligung jederzeit widerrufen. Dazu reicht eine formlose Mitteilung per E-Mail an uns.<\/p><ol start=\"4\"><li><span style=\"color: #101943;\"><strong>Datenerfassung auf dieser Website<\/strong><\/span><br \/><span style=\"color: #101943;\"><strong>Cookies<\/strong><\/span><br \/>Unsere Website verwendet teilweise sogenannte Cookies. Cookies richten auf Ihrem Rechner keinen Schaden an und enthalten keine Viren. Cookies dienen dazu, unser Angebot nutzerfreundlicher, effektiver und sicherer zu machen. Cookies sind kleine Textdateien, die auf Ihrem Rechner abgelegt werden und die Ihr Browser speichert.<\/li><\/ol><p><span style=\"color: #101943;\"><strong>Kontaktformular<\/strong><\/span><br \/>Wenn Sie uns per Kontaktformular Anfragen zukommen lassen, werden Ihre Angaben aus dem Anfrageformular inklusive der von Ihnen dort angegebenen Kontaktdaten zwecks Bearbeitung der Anfrage bei uns gespeichert. Diese Daten geben wir nicht ohne Ihre Einwilligung weiter.<\/p><ol start=\"5\"><li><span style=\"color: #101943;\"><strong>Analyse-Tools und Tools von Drittanbietern<\/strong><\/span><br \/>Beim Besuch unserer Website kann Ihr Surf-Verhalten statistisch ausgewertet werden. Das geschieht vor allem mit sogenannten Analyseprogrammen. Detaillierte Informationen dazu finden Sie in der folgenden Datenschutzerkl\u00e4rung.<\/li><\/ol>\t\t\t\t\t\t\t\t<\/div>\n\t\t\t\t<\/div>\n\t\t\t\t\t<\/div>\n\t\t\t\t<\/div>\n\t\t\t\t<\/div>","protected":false},"excerpt":{"rendered":"<p>Datenschutz Datenschutz auf einen BlickAllgemeine HinweiseDie folgenden Hinweise geben einen einfachen \u00dcberblick dar\u00fcber, was mit Ihren personenbezogenen Daten passiert, wenn Sie unsere Website besuchen. Personenbezogene Daten sind alle Daten, mit denen Sie pers\u00f6nlich identifiziert werden k\u00f6nnen. Ausf\u00fchrliche Informationen zum Thema Datenschutz entnehmen Sie unserer unten aufgef\u00fchrten Datenschutzerkl\u00e4rung. Datenerfassung auf unserer WebsiteWer ist verantwortlich f\u00fcr die&#8230;<\/p>","protected":false},"author":1,"featured_media":0,"parent":0,"menu_order":0,"comment_status":"closed","ping_status":"closed","template":"","meta":{"footnotes":""},"class_list":["post-3","page","type-page","status-publish","hentry"],"yoast_head":"<!-- This site is optimized with the Yoast SEO plugin v26.9 - https:\/\/yoast.com\/product\/yoast-seo-wordpress\/ -->\n<title>Datenschutz - Pfalzenergie Elektrotechnik<\/title>\n<meta name=\"robots\" content=\"noindex, nofollow\" \/>\n<meta property=\"og:locale\" content=\"de_DE\" \/>\n<meta property=\"og:type\" content=\"article\" \/>\n<meta property=\"og:title\" content=\"Datenschutz - Pfalzenergie Elektrotechnik\" \/>\n<meta property=\"og:description\" content=\"Datenschutz Datenschutz auf einen BlickAllgemeine HinweiseDie folgenden Hinweise geben einen einfachen \u00dcberblick dar\u00fcber, was mit Ihren personenbezogenen Daten passiert, wenn Sie unsere Website besuchen. Personenbezogene Daten sind alle Daten, mit denen Sie pers\u00f6nlich identifiziert werden k\u00f6nnen. Ausf\u00fchrliche Informationen zum Thema Datenschutz entnehmen Sie unserer unten aufgef\u00fchrten Datenschutzerkl\u00e4rung. Datenerfassung auf unserer WebsiteWer ist verantwortlich f\u00fcr die...\" \/>\n<meta property=\"og:url\" content=\"https:\/\/pfalzenergie-elektrotechnik.de\/de\/datenschutz\/\" \/>\n<meta property=\"og:site_name\" content=\"Pfalzenergie Elektrotechnik\" \/>\n<meta property=\"article:modified_time\" content=\"2025-01-13T15:19:38+00:00\" \/>\n<meta name=\"twitter:card\" content=\"summary_large_image\" \/>\n<meta name=\"twitter:label1\" content=\"Gesch\u00e4tzte Lesezeit\" \/>\n\t<meta name=\"twitter:data1\" content=\"3\u00a0Minuten\" \/>\n<script type=\"application\/ld+json\" class=\"yoast-schema-graph\">{\"@context\":\"https:\/\/schema.org\",\"@graph\":[{\"@type\":\"WebPage\",\"@id\":\"https:\/\/pfalzenergie-elektrotechnik.de\/datenschutz\/\",\"url\":\"https:\/\/pfalzenergie-elektrotechnik.de\/datenschutz\/\",\"name\":\"Datenschutz - Pfalzenergie Elektrotechnik\",\"isPartOf\":{\"@id\":\"https:\/\/pfalzenergie-elektrotechnik.de\/#website\"},\"datePublished\":\"2024-12-11T10:34:42+00:00\",\"dateModified\":\"2025-01-13T15:19:38+00:00\",\"breadcrumb\":{\"@id\":\"https:\/\/pfalzenergie-elektrotechnik.de\/datenschutz\/#breadcrumb\"},\"inLanguage\":\"de\",\"potentialAction\":[{\"@type\":\"ReadAction\",\"target\":[\"https:\/\/pfalzenergie-elektrotechnik.de\/datenschutz\/\"]}]},{\"@type\":\"BreadcrumbList\",\"@id\":\"https:\/\/pfalzenergie-elektrotechnik.de\/datenschutz\/#breadcrumb\",\"itemListElement\":[{\"@type\":\"ListItem\",\"position\":1,\"name\":\"Home\",\"item\":\"https:\/\/pfalzenergie-elektrotechnik.de\/\"},{\"@type\":\"ListItem\",\"position\":2,\"name\":\"Datenschutz\"}]},{\"@type\":\"WebSite\",\"@id\":\"https:\/\/pfalzenergie-elektrotechnik.de\/#website\",\"url\":\"https:\/\/pfalzenergie-elektrotechnik.de\/\",\"name\":\"Pfalzenergie Elektrotechnik\",\"description\":\"\",\"publisher\":{\"@id\":\"https:\/\/pfalzenergie-elektrotechnik.de\/#organization\"},\"potentialAction\":[{\"@type\":\"SearchAction\",\"target\":{\"@type\":\"EntryPoint\",\"urlTemplate\":\"https:\/\/pfalzenergie-elektrotechnik.de\/?s={search_term_string}\"},\"query-input\":{\"@type\":\"PropertyValueSpecification\",\"valueRequired\":true,\"valueName\":\"search_term_string\"}}],\"inLanguage\":\"de\"},{\"@type\":\"Organization\",\"@id\":\"https:\/\/pfalzenergie-elektrotechnik.de\/#organization\",\"name\":\"Pfalzenergie Elektrotechnik\",\"url\":\"https:\/\/pfalzenergie-elektrotechnik.de\/\",\"logo\":{\"@type\":\"ImageObject\",\"inLanguage\":\"de\",\"@id\":\"https:\/\/pfalzenergie-elektrotechnik.de\/#\/schema\/logo\/image\/\",\"url\":\"https:\/\/pfalzenergie-elektrotechnik.de\/wp-content\/uploads\/2024\/12\/cropped-cropped-Untitled-design-51.png\",\"contentUrl\":\"https:\/\/pfalzenergie-elektrotechnik.de\/wp-content\/uploads\/2024\/12\/cropped-cropped-Untitled-design-51.png\",\"width\":512,\"height\":512,\"caption\":\"Pfalzenergie Elektrotechnik\"},\"image\":{\"@id\":\"https:\/\/pfalzenergie-elektrotechnik.de\/#\/schema\/logo\/image\/\"}}]}<\/script>\n<!-- \/ Yoast SEO plugin. -->","yoast_head_json":{"title":"Datenschutz - Pfalzenergie Elektrotechnik","robots":{"index":"noindex","follow":"nofollow"},"og_locale":"de_DE","og_type":"article","og_title":"Datenschutz - Pfalzenergie Elektrotechnik","og_description":"Datenschutz Datenschutz auf einen BlickAllgemeine HinweiseDie folgenden Hinweise geben einen einfachen \u00dcberblick dar\u00fcber, was mit Ihren personenbezogenen Daten passiert, wenn Sie unsere Website besuchen. Personenbezogene Daten sind alle Daten, mit denen Sie pers\u00f6nlich identifiziert werden k\u00f6nnen. Ausf\u00fchrliche Informationen zum Thema Datenschutz entnehmen Sie unserer unten aufgef\u00fchrten Datenschutzerkl\u00e4rung. Datenerfassung auf unserer WebsiteWer ist verantwortlich f\u00fcr die...","og_url":"https:\/\/pfalzenergie-elektrotechnik.de\/de\/datenschutz\/","og_site_name":"Pfalzenergie Elektrotechnik","article_modified_time":"2025-01-13T15:19:38+00:00","twitter_card":"summary_large_image","twitter_misc":{"Gesch\u00e4tzte Lesezeit":"3\u00a0Minuten"},"schema":{"@context":"https:\/\/schema.org","@graph":[{"@type":"WebPage","@id":"https:\/\/pfalzenergie-elektrotechnik.de\/datenschutz\/","url":"https:\/\/pfalzenergie-elektrotechnik.de\/datenschutz\/","name":"Datenschutz - Pfalzenergie Elektrotechnik","isPartOf":{"@id":"https:\/\/pfalzenergie-elektrotechnik.de\/#website"},"datePublished":"2024-12-11T10:34:42+00:00","dateModified":"2025-01-13T15:19:38+00:00","breadcrumb":{"@id":"https:\/\/pfalzenergie-elektrotechnik.de\/datenschutz\/#breadcrumb"},"inLanguage":"de","potentialAction":[{"@type":"ReadAction","target":["https:\/\/pfalzenergie-elektrotechnik.de\/datenschutz\/"]}]},{"@type":"BreadcrumbList","@id":"https:\/\/pfalzenergie-elektrotechnik.de\/datenschutz\/#breadcrumb","itemListElement":[{"@type":"ListItem","position":1,"name":"Home","item":"https:\/\/pfalzenergie-elektrotechnik.de\/"},{"@type":"ListItem","position":2,"name":"Datenschutz"}]},{"@type":"WebSite","@id":"https:\/\/pfalzenergie-elektrotechnik.de\/#website","url":"https:\/\/pfalzenergie-elektrotechnik.de\/","name":"Pfalzenergie Elektrotechnik","description":"","publisher":{"@id":"https:\/\/pfalzenergie-elektrotechnik.de\/#organization"},"potentialAction":[{"@type":"SearchAction","target":{"@type":"EntryPoint","urlTemplate":"https:\/\/pfalzenergie-elektrotechnik.de\/?s={search_term_string}"},"query-input":{"@type":"PropertyValueSpecification","valueRequired":true,"valueName":"search_term_string"}}],"inLanguage":"de"},{"@type":"Organization","@id":"https:\/\/pfalzenergie-elektrotechnik.de\/#organization","name":"Pfalzenergie Elektrotechnik","url":"https:\/\/pfalzenergie-elektrotechnik.de\/","logo":{"@type":"ImageObject","inLanguage":"de","@id":"https:\/\/pfalzenergie-elektrotechnik.de\/#\/schema\/logo\/image\/","url":"https:\/\/pfalzenergie-elektrotechnik.de\/wp-content\/uploads\/2024\/12\/cropped-cropped-Untitled-design-51.png","contentUrl":"https:\/\/pfalzenergie-elektrotechnik.de\/wp-content\/uploads\/2024\/12\/cropped-cropped-Untitled-design-51.png","width":512,"height":512,"caption":"Pfalzenergie Elektrotechnik"},"image":{"@id":"https:\/\/pfalzenergie-elektrotechnik.de\/#\/schema\/logo\/image\/"}}]}},"_links":{"self":[{"href":"https:\/\/pfalzenergie-elektrotechnik.de\/de\/wp-json\/wp\/v2\/pages\/3","targetHints":{"allow":["GET"]}}],"collection":[{"href":"https:\/\/pfalzenergie-elektrotechnik.de\/de\/wp-json\/wp\/v2\/pages"}],"about":[{"href":"https:\/\/pfalzenergie-elektrotechnik.de\/de\/wp-json\/wp\/v2\/types\/page"}],"author":[{"embeddable":true,"href":"https:\/\/pfalzenergie-elektrotechnik.de\/de\/wp-json\/wp\/v2\/users\/1"}],"replies":[{"embeddable":true,"href":"https:\/\/pfalzenergie-elektrotechnik.de\/de\/wp-json\/wp\/v2\/comments?post=3"}],"version-history":[{"count":0,"href":"https:\/\/pfalzenergie-elektrotechnik.de\/de\/wp-json\/wp\/v2\/pages\/3\/revisions"}],"wp:attachment":[{"href":"https:\/\/pfalzenergie-elektrotechnik.de\/de\/wp-json\/wp\/v2\/media?parent=3"}],"curies":[{"name":"wp","href":"https:\/\/api.w.org\/{rel}","templated":true}]}}